{"id":34563,"date":"2025-04-23T19:47:49","date_gmt":"2025-04-23T19:47:49","guid":{"rendered":"https:\/\/sanlifesrl.it\/bio\/?page_id=34563"},"modified":"2025-04-29T20:27:32","modified_gmt":"2025-04-29T20:27:32","slug":"olii-vegetali","status":"publish","type":"page","link":"https:\/\/sanlifesrl.it\/bio\/olii-vegetali\/","title":{"rendered":"Olii vegetali"},"content":{"rendered":"<p>[et_pb_section fb_built=&#8221;1&#8243; make_equal=&#8221;on&#8221; use_custom_gutter=&#8221;on&#8221; gutter_width=&#8221;2&#8243; specialty=&#8221;on&#8221; padding_top_1=&#8221;121px&#8221; padding_top_2=&#8221;0px&#8221; padding_bottom_1=&#8221;121px&#8221; padding_bottom_2=&#8221;0px&#8221; padding_top_bottom_link_1=&#8221;true&#8221; padding_top_bottom_link_2=&#8221;true&#8221; padding_left_right_link_1=&#8221;false&#8221; padding_left_right_link_2=&#8221;false&#8221; padding_1_tablet=&#8221;0px||0px||true|false&#8221; padding_1_phone=&#8221;0px||0px||true|false&#8221; padding_1_last_edited=&#8221;on|tablet&#8221; admin_label=&#8221;Counter Style 3 Main Section&#8221; _builder_version=&#8221;4.27.4&#8243; _module_preset=&#8221;default&#8221; background_color=&#8221;rgba(40,40,40,0.25)&#8221; background_image=&#8221;https:\/\/sanlifesrl.it\/bio\/wp-content\/uploads\/2025\/04\/closeup-glass-bottles-filled-with-liquid-green-herbs.jpg&#8221; background_blend=&#8221;overlay&#8221; inner_max_width=&#8221;1200px&#8221; custom_padding=&#8221;60px||60px||true|false&#8221; global_colors_info=&#8221;{}&#8221;][et_pb_column type=&#8221;1_2&#8243; _builder_version=&#8221;4.16&#8243; custom_padding=&#8221;|||&#8221; global_colors_info=&#8221;{}&#8221; custom_padding__hover=&#8221;|||&#8221;][et_pb_blurb title=&#8221;Scopriamo i prodotti&#8230;&#8221; admin_label=&#8221;Title&#8221; module_class=&#8221;divigarden_counterv3_heading&#8221; _builder_version=&#8221;4.27.4&#8243; _module_preset=&#8221;default&#8221; header_text_color=&#8221;#FFFFFF&#8221; header_font_size=&#8221;24px&#8221; body_font=&#8221;|700|||||||&#8221; body_text_color=&#8221;#FFFFFF&#8221; body_font_size=&#8221;58px&#8221; body_line_height=&#8221;1.3em&#8221; custom_margin=&#8221;||15px||false|false&#8221; body_line_height_tablet=&#8221;1.3em&#8221; body_line_height_phone=&#8221;1.3em&#8221; body_line_height_last_edited=&#8221;on|phone&#8221; text_orientation_tablet=&#8221;center&#8221; text_orientation_phone=&#8221;center&#8221; text_orientation_last_edited=&#8221;on|tablet&#8221; custom_css_blurb_title=&#8221;padding-bottom:30px;&#8221; custom_css_blurb_content=&#8221;max-width:100%;&#8221; header_text_shadow_style=&#8221;preset1&#8243; body_text_shadow_style=&#8221;preset1&#8243; locked=&#8221;off&#8221; global_colors_info=&#8221;{}&#8221;]<\/p>\n<p>OLII VEGETALI<\/p>\n<p>[\/et_pb_blurb][\/et_pb_column][et_pb_column type=&#8221;1_2&#8243; specialty_columns=&#8221;2&#8243; _builder_version=&#8221;4.16&#8243; custom_padding=&#8221;|||&#8221; global_colors_info=&#8221;{}&#8221; custom_padding__hover=&#8221;|||&#8221;][et_pb_row_inner admin_label=&#8221;Counter Style 3 Main Section Row 3&#8243; _builder_version=&#8221;4.19.5&#8243; _module_preset=&#8221;default&#8221; custom_padding=&#8221;0px||0px||true|false&#8221; locked=&#8221;off&#8221; global_colors_info=&#8221;{}&#8221;][et_pb_column_inner saved_specialty_column_type=&#8221;1_2&#8243; _builder_version=&#8221;4.19.5&#8243; _module_preset=&#8221;default&#8221; global_colors_info=&#8221;{}&#8221;][et_pb_code admin_label=&#8221;CSS CODE&#8221; _builder_version=&#8221;4.19.5&#8243; _module_preset=&#8221;default&#8221; global_colors_info=&#8221;{}&#8221;]<\/p>\n<style><!-- [et_pb_line_break_holder] -->  .divigarden_counterv3_heading .et_pb_module_header:before{content: '';<!-- [et_pb_line_break_holder] -->    height: 46px;<!-- [et_pb_line_break_holder] -->    width: 46px;<!-- [et_pb_line_break_holder] -->    position: absolute;<!-- [et_pb_line_break_holder] -->    left: -15px;<!-- [et_pb_line_break_holder] -->    top: -15px;<!-- [et_pb_line_break_holder] -->    background: rgba(255,255,255,0.31);<!-- [et_pb_line_break_holder] -->    border-radius: 50%;<!-- [et_pb_line_break_holder] -->  z-index:-1;}<!-- [et_pb_line_break_holder] -->  @media only screen and (max-width:981px){<!-- [et_pb_line_break_holder] -->    .divigarden_counterv3_heading .et_pb_module_header:before{display:none;}<!-- [et_pb_line_break_holder] -->  }  <!-- [et_pb_line_break_holder] --><\/style>\n<p>[\/et_pb_code][\/et_pb_column_inner][\/et_pb_row_inner][\/et_pb_column][\/et_pb_section][et_pb_section fb_built=&#8221;1&#8243; _builder_version=&#8221;4.27.4&#8243; _module_preset=&#8221;default&#8221; custom_padding=&#8221;50px||50px||false|false&#8221; global_colors_info=&#8221;{}&#8221;][\/et_pb_section][et_pb_section fb_built=&#8221;1&#8243; make_equal=&#8221;on&#8221; use_custom_gutter=&#8221;on&#8221; gutter_width=&#8221;2&#8243; specialty=&#8221;on&#8221; padding_top_1=&#8221;0px&#8221; padding_top_2=&#8221;0px&#8221; padding_bottom_1=&#8221;0px&#8221; padding_bottom_2=&#8221;0px&#8221; padding_top_bottom_link_1=&#8221;true&#8221; padding_top_bottom_link_2=&#8221;true&#8221; padding_left_right_link_1=&#8221;false&#8221; padding_left_right_link_2=&#8221;false&#8221; admin_label=&#8221;About Us Style 2 Main Section&#8221; module_class=&#8221;divigarden_aboutusv2&#8243; _builder_version=&#8221;4.19.5&#8243; _module_preset=&#8221;default&#8221; inner_max_width=&#8221;1200px&#8221; custom_padding=&#8221;0px||80px||false|false&#8221; global_colors_info=&#8221;{}&#8221;][et_pb_column type=&#8221;1_2&#8243; _builder_version=&#8221;4.16&#8243; custom_padding=&#8221;|||&#8221; global_colors_info=&#8221;{}&#8221; custom_padding__hover=&#8221;|||&#8221;][et_pb_image src=&#8221;https:\/\/sanlifesrl.it\/bio\/wp-content\/uploads\/2025\/04\/vertical-shot-olive-oil-extraction-process-factory.jpg&#8221; title_text=&#8221;grass-lawn-flower-home-backyard-property-754952-pxhere.com (1)&#8221; align_tablet=&#8221;center&#8221; align_phone=&#8221;center&#8221; align_last_edited=&#8221;on|tablet&#8221; _builder_version=&#8221;4.27.4&#8243; _module_preset=&#8221;default&#8221; height_tablet=&#8221;&#8221; height_phone=&#8221;&#8221; height_last_edited=&#8221;on|phone&#8221; custom_margin=&#8221;||0px||false|false&#8221; custom_margin_tablet=&#8221;50px||||false|false&#8221; custom_margin_phone=&#8221;40px||||false|false&#8221; custom_margin_last_edited=&#8221;on|tablet&#8221; hover_enabled=&#8221;0&#8243; custom_css_before=&#8221;    content: %22%22;||    position: absolute;||    top: 0;||    left: -10px;||    width: 0;||    height: 100%;||    background-color: rgba(255,255,255,.5);||    z-index: 1;&#8221; custom_css_main_element=&#8221;height:100% !important;&#8221; custom_css_after=&#8221;    position: absolute;||content:&#8221;;||top: -15px;||    left: -15px;||    width: 180px;||    height: 165px;||border:5px solid #58ba47;||z-index:-1;||-webkit-animation: tm-animation-flicker 3s infinite;||    -moz-animation: tm-animation-flicker 3s infinite;||    -o-animation: tm-animation-flicker 3s infinite;||    animation: tm-animation-flicker 3s infinite;&#8221; locked=&#8221;off&#8221; global_colors_info=&#8221;{}&#8221; custom_css_before__hover_enabled=&#8221;on|hover&#8221; custom_css_before__hover=&#8221;    -webkit-transition: all .5s ease-out .08s;||    -khtml-transition: all .5s ease-out .08s;||    -moz-transition: all .5s ease-out .08s;||    -ms-transition: all .5s ease-out .08s;||    -o-transition: all .5s ease-out .08s;||    transition: all .5s ease-out .08s;||    width: 120%;||    background-color: rgba(255,255,255,0);&#8221; custom_css_after__hover_enabled=&#8221;off|desktop&#8221; custom_css_after__hover=&#8221;-webkit-transform: scale(1);||    -moz-transform: scale(1);||    -ms-transform: scale(1);||    -o-transform: scale(1);||    transform: scale(1);||    width: 100%;||    height: 100%;&#8221; custom_css_before_last_edited=&#8221;off|desktop&#8221; custom_css_before_phone=&#8221;background-color: #282828;||    top: auto;||    bottom: -19px;||    left: -19px;||    right: auto;||position: absolute;||    content: &#8221;;||    height: 210px;||    width: 100px;||    z-index: 0;||    -webkit-transition: all .5s;||    -moz-transition: all .5s;||    -o-transition: all .5s;||    transition: all .5s;&#8221; custom_css_after_last_edited=&#8221;off|desktop&#8221; custom_css_after_phone=&#8221;background-color: #009961;||    top: -19px;||    bottom: auto;||    left: auto;||    right: -19px;||    position: absolute;||    content: &#8221;;||    height: 210px;||    width: 100px;||    z-index: -1;||    -webkit-transition: all .5s;||    -moz-transition: all .5s;||    -o-transition: all .5s;||    transition: all .5s;&#8221; custom_css_before_tablet=&#8221;background-color: #282828;||    top: auto;||    bottom: -19px;||    left: -19px;||    right: auto;||position: absolute;||    content: &#8221;;||    height: 340px;||    width: 100px;||    z-index: 0;||    -webkit-transition: all .5s;||    -moz-transition: all .5s;||    -o-transition: all .5s;||    transition: all .5s;&#8221; custom_css_after_tablet=&#8221;background-color: #009961;||    top: -19px;||    bottom: auto;||    left: auto;||    right: -19px;||    position: absolute;||    content: &#8221;;||    height: 340px;||    width: 100px;||    z-index: -1;||    -webkit-transition: all .5s;||    -moz-transition: all .5s;||    -o-transition: all .5s;||    transition: all .5s;&#8221; sticky_enabled=&#8221;0&#8243;][\/et_pb_image][\/et_pb_column][et_pb_column type=&#8221;1_2&#8243; specialty_columns=&#8221;2&#8243; _builder_version=&#8221;4.16&#8243; custom_padding=&#8221;|||&#8221; global_colors_info=&#8221;{}&#8221; custom_padding__hover=&#8221;|||&#8221;][et_pb_row_inner admin_label=&#8221;About Us Style 2 Main Section Row 1&#8243; _builder_version=&#8221;4.19.5&#8243; _module_preset=&#8221;default&#8221; global_colors_info=&#8221;{}&#8221;][et_pb_column_inner saved_specialty_column_type=&#8221;1_2&#8243; _builder_version=&#8221;4.19.5&#8243; _module_preset=&#8221;default&#8221; global_colors_info=&#8221;{}&#8221;][et_pb_blurb title=&#8221;Olii vegetali&#8221; admin_label=&#8221;Title&#8221; module_class=&#8221;divigarden_aboutusv2_heading&#8221; _builder_version=&#8221;4.27.4&#8243; _module_preset=&#8221;default&#8221; header_font=&#8221;|700|||||||&#8221; header_text_color=&#8221;#43a320&#8243; body_font=&#8221;|300|||||||&#8221; body_text_align=&#8221;justify&#8221; body_text_color=&#8221;#282828&#8243; body_font_size=&#8221;16px&#8221; body_line_height=&#8221;1.5em&#8221; custom_margin=&#8221;||15px||false|false&#8221; body_line_height_tablet=&#8221;1.3em&#8221; body_line_height_phone=&#8221;1.3em&#8221; body_line_height_last_edited=&#8221;on|phone&#8221; text_orientation_tablet=&#8221;center&#8221; text_orientation_phone=&#8221;center&#8221; text_orientation_last_edited=&#8221;on|tablet&#8221; custom_css_blurb_title=&#8221;padding-bottom:30px;&#8221; custom_css_blurb_content=&#8221;max-width:100%;&#8221; locked=&#8221;off&#8221; global_colors_info=&#8221;{}&#8221;]<\/p>\n<p>Gli <strong>olii vegetali<\/strong> sono estratti da semi, frutti o altre parti di piante, e sono ampiamente utilizzati in cucina, nella preparazione di prodotti alimentari, nonch\u00e9 nell&#8217;industria cosmetica e farmaceutica. Questi oli sono spesso ricchi di grassi sani, come gli acidi grassi insaturi, e offrono una serie di benefici nutrizionali. Ogni tipo di olio vegetale ha caratteristiche specifiche, che lo rendono adatto a particolari utilizzi culinari o terapeutici.<\/p>\n<p>Gli oli vegetali sono una componente fondamentale della dieta, in quanto forniscono acidi grassi essenziali e vitamine liposolubili (come la vitamina E). Tuttavia, \u00e8 importante scegliere oli di buona qualit\u00e0, preferibilmente non raffinati o freddi, per beneficiare al meglio delle loro propriet\u00e0 nutrizionali.<\/p>\n<p>L&#8217;uso di oli vegetali pi\u00f9 salutari, come l&#8217;olio di oliva, l&#8217;olio di avocado, o l&#8217;olio di lino, pu\u00f2 avere un impatto positivo sulla salute cardiovascolare, mentre oli come l&#8217;olio di girasole o di mais, se consumati in eccesso, potrebbero contribuire a squilibri nella dieta, in particolare se non bilanciati con omega-3. Come sempre, \u00e8 meglio variare l&#8217;uso degli oli per ottenere una gamma completa di nutrienti.<\/p>\n<p>Gli oli vegetali sono componenti essenziali anche nell&#8217;industria alimentare moderna. La loro versatilit\u00e0, economicit\u00e0 e capacit\u00e0 di migliorare la consistenza, la stabilit\u00e0 e la durata degli alimenti li rendono ingredienti chiave in numerosi prodotti. Tuttavia, \u00e8 importante che l&#8217;industria consideri sia le preoccupazioni nutrizionali che ambientali, cercando di fare scelte pi\u00f9 sostenibili e salutari per il futuro.<\/p>\n<p>Sono disponibili a listino variet\u00e0 specifiche per ogni esigenza.<\/p>\n<p>&nbsp;<\/p>\n<p>[\/et_pb_blurb][\/et_pb_column_inner][\/et_pb_row_inner][et_pb_row_inner admin_label=&#8221;About Us Style 2 Main Section Row 4&#8243; _builder_version=&#8221;4.19.5&#8243; _module_preset=&#8221;default&#8221; custom_padding=&#8221;0px||0px||true|false&#8221; locked=&#8221;off&#8221; global_colors_info=&#8221;{}&#8221;][et_pb_column_inner saved_specialty_column_type=&#8221;1_2&#8243; _builder_version=&#8221;4.19.5&#8243; _module_preset=&#8221;default&#8221; global_colors_info=&#8221;{}&#8221;][et_pb_code admin_label=&#8221;CSS CODE&#8221; _builder_version=&#8221;4.19.5&#8243; _module_preset=&#8221;default&#8221; global_colors_info=&#8221;{}&#8221;]<\/p>\n<style><!-- [et_pb_line_break_holder] -->  .divigarden_aboutusv2_heading .et_pb_module_header:before{content: '';<!-- [et_pb_line_break_holder] -->    height: 46px;<!-- [et_pb_line_break_holder] -->    width: 46px;<!-- [et_pb_line_break_holder] -->    position: absolute;<!-- [et_pb_line_break_holder] -->    left: -15px;<!-- [et_pb_line_break_holder] -->    top: -15px;<!-- [et_pb_line_break_holder] -->    background: rgba(40,40,40,0.14);<!-- [et_pb_line_break_holder] -->    border-radius: 50%;<!-- [et_pb_line_break_holder] -->  z-index:-1;}  <!-- [et_pb_line_break_holder] -->  .divigarden_aboutusv2_blurb1 .et-pb-icon{    background: #009961;width:60px;height:60px;border-radius:50%;text-align:center;line-height:60px;transition: all 0.3s ease;}  <!-- [et_pb_line_break_holder] -->  .divigarden_aboutusv2_blurb1:hover .et-pb-icon{    transform: rotate(360deg);}  <!-- [et_pb_line_break_holder] -->  .divigarden_aboutusv2 img,.divigarden_aboutusv2 .et_pb_image_wrap{object-fit:cover;width:100% !important;height:100% !important;} <!-- [et_pb_line_break_holder] -->  @keyframes tm-animation-flicker{  <!-- [et_pb_line_break_holder] -->  0% {<!-- [et_pb_line_break_holder] -->    opacity: 1;<!-- [et_pb_line_break_holder] -->}<!-- [et_pb_line_break_holder] -->50% {<!-- [et_pb_line_break_holder] -->    opacity: 0.3;<!-- [et_pb_line_break_holder] -->}<!-- [et_pb_line_break_holder] -->100% {<!-- [et_pb_line_break_holder] -->    opacity: 1;<!-- [et_pb_line_break_holder] -->  }}<!-- [et_pb_line_break_holder] -->  @media only screen and (max-width:981px){<!-- [et_pb_line_break_holder] -->    .divigarden_aboutusv2_heading .et_pb_module_header:before{display:none;}<!-- [et_pb_line_break_holder] -->    .divigarden_aboutusv2_blurb1 .et-pb-icon{display:block;margin:auto;}<!-- [et_pb_line_break_holder] -->  }  <!-- [et_pb_line_break_holder] -->    @media only screen and (max-width: 981px) and (min-width:767px){<!-- [et_pb_line_break_holder] -->.divigarden_aboutusv2_blurb .et_pb_blurb_container,.divigarden_aboutusv2_blurb .et_pb_main_blurb_image{<!-- [et_pb_line_break_holder] -->    display: inline-block;<!-- [et_pb_line_break_holder] -->    }}<!-- [et_pb_line_break_holder] --><\/style>\n<p>[\/et_pb_code][\/et_pb_column_inner][\/et_pb_row_inner][\/et_pb_column][\/et_pb_section][et_pb_section fb_built=&#8221;1&#8243; _builder_version=&#8221;4.27.4&#8243; _module_preset=&#8221;default&#8221; custom_padding=&#8221;0px||||false|false&#8221; global_colors_info=&#8221;{}&#8221;][et_pb_row _builder_version=&#8221;4.27.4&#8243; _module_preset=&#8221;default&#8221; global_colors_info=&#8221;{}&#8221;][et_pb_column type=&#8221;4_4&#8243; _builder_version=&#8221;4.27.4&#8243; _module_preset=&#8221;default&#8221; global_colors_info=&#8221;{}&#8221;][et_pb_blurb title=&#8221;Le varianti che abbiamo selezionato&#8221; admin_label=&#8221;Title&#8221; module_class=&#8221;divigarden_contactv3_heading&#8221; _builder_version=&#8221;4.27.4&#8243; _module_preset=&#8221;default&#8221; header_font=&#8221;|700|||||||&#8221; header_text_color=&#8221;#282828&#8243; header_font_size=&#8221;35px&#8221; body_font=&#8221;||||||||&#8221; body_font_size=&#8221;15px&#8221; text_orientation=&#8221;center&#8221; custom_margin=&#8221;||15px||false|false&#8221; header_line_height_tablet=&#8221;&#8221; header_line_height_phone=&#8221;1.3em&#8221; header_line_height_last_edited=&#8221;on|phone&#8221; body_line_height_tablet=&#8221;1.3em&#8221; body_line_height_phone=&#8221;1.3em&#8221; body_line_height_last_edited=&#8221;off|desktop&#8221; text_orientation_tablet=&#8221;center&#8221; text_orientation_phone=&#8221;center&#8221; text_orientation_last_edited=&#8221;on|tablet&#8221; custom_css_blurb_title=&#8221;padding-bottom:30px;||display:inline-block;||position:relative;&#8221; custom_css_blurb_content=&#8221;max-width:100%;&#8221; locked=&#8221;off&#8221; global_colors_info=&#8221;{}&#8221;]<\/p>\n<p>Disponibili in <strong>vari formati<\/strong>: 1 Kg, 5 Kg, 10 Kg, 25 Kg, BIG BAG \/ IBC. e rinfusa<br \/><span>Tutti questi prodotti sono disponibili sia di tipo\u00a0<\/span><strong>Convenzionale<\/strong><span>\u00a0che con certificazione\u00a0<\/span><strong>Biologica<\/strong><br \/><span>Dove segnalato per i prodotti idonei esiste anche la possibilit\u00e0 di avere le certificazioni\u00a0<\/span><strong>Vegan<\/strong><span>\u00a0e\/o\u00a0<\/span><strong>Gluten-Free<\/strong><br \/>Utilizzate il form o i contatti a pi\u00e8 pagina per qualsiasi informazione o quotazione specifica.<\/p>\n<p>[\/et_pb_blurb][\/et_pb_column][\/et_pb_row][et_pb_row _builder_version=&#8221;4.27.4&#8243; _module_preset=&#8221;default&#8221; global_colors_info=&#8221;{}&#8221;][et_pb_column type=&#8221;4_4&#8243; _builder_version=&#8221;4.27.4&#8243; _module_preset=&#8221;default&#8221; global_colors_info=&#8221;{}&#8221;][et_pb_accordion toggle_icon=&#8221;&#xe054;||divi||400&#8243; icon_color=&#8221;#43a320&#8243; use_icon_font_size=&#8221;on&#8221; icon_font_size=&#8221;24px&#8221; _builder_version=&#8221;4.27.4&#8243; _module_preset=&#8221;default&#8221; background_image=&#8221;https:\/\/sanlifesrl.it\/bio\/wp-content\/uploads\/2025\/04\/vegan-gluten-free_2.png&#8221; background_size=&#8221;initial&#8221; global_colors_info=&#8221;{}&#8221;][et_pb_accordion_item title=&#8221;OLII VEGETALI &#8211; anche VEGAN e GLUTEN-FREE&#8221; open=&#8221;on&#8221; _builder_version=&#8221;4.27.4&#8243; _module_preset=&#8221;default&#8221; background_image=&#8221;https:\/\/sanlifesrl.it\/bio\/wp-content\/uploads\/2025\/04\/vegan-gluten-free_2.png&#8221; background_enable_image=&#8221;on&#8221; background_size=&#8221;initial&#8221; global_colors_info=&#8221;{}&#8221;]<\/p>\n<div id=\"wtbp-table-wrapper-30_34269\" style=\"visibility: hidden;\" data-table-id=\"wtbp-table-30_34269\" class=\"wtbpTableWrapper\" data-page-type=\"\" data-page-typeid=\"\">\n\t \n\t<table id=\"wtbp-table-30_34269\" data-table-id=\"30\" class=\"wtbpContentTable\" data-settings=\"{&quot;productids&quot;:&quot;34398,34397,34396,34395,34394,34393,34392,34391,34390,34389,34387,34388,34386,34385,34384,34383,34382,34381,34380,34379,34375,34378,34377,34376&quot;,&quot;order&quot;:&quot;[{\\&quot;slug\\&quot;:\\&quot;product_title\\&quot;,\\&quot;original_name\\&quot;:\\&quot;Name\\&quot;,\\&quot;show_display_name\\&quot;:\\&quot;1\\&quot;,\\&quot;display_name\\&quot;:\\&quot;OLII E GRASSI VEGETALI  E CONDIMENTI -ITALIA\\\\\\\/UE\\\\\\\/NO UE\\&quot;,\\&quot;width\\&quot;:\\&quot;\\&quot;,\\&quot;width_unit\\&quot;:\\&quot;px\\&quot;,\\&quot;always_hide\\&quot;:0,\\&quot;hide_on_mobile\\&quot;:0,\\&quot;show_only_on_mobile\\&quot;:0,\\&quot;product_title_link\\&quot;:0,\\&quot;product_title_link_to\\&quot;:\\&quot;\\&quot;,\\&quot;cut_product_title_text\\&quot;:0,\\&quot;cut_product_title_text_size\\&quot;:\\&quot;\\&quot;,\\&quot;show_only_parent_title_text\\&quot;:0,\\&quot;product_title_link_blank\\&quot;:0,\\&quot;disable_sorting\\&quot;:0,\\&quot;main_slug\\&quot;:\\&quot;product_title\\&quot;}]&quot;,&quot;caption_text&quot;:&quot;&quot;,&quot;description_text&quot;:&quot;&quot;,&quot;header_show&quot;:&quot;1&quot;,&quot;header_fixed_top_margin&quot;:&quot;&quot;,&quot;header_fixed_top_margin_unit&quot;:&quot;pixels&quot;,&quot;header_fixed_top_margin_mobile&quot;:&quot;&quot;,&quot;header_fixed_top_margin_unit_mobile&quot;:&quot;pixels&quot;,&quot;signature_text&quot;:&quot;&quot;,&quot;date_formats&quot;:&quot;Y-m-d&quot;,&quot;time_formats&quot;:&quot;H:i&quot;,&quot;pre_sorting&quot;:&quot;&quot;,&quot;sorting_default&quot;:&quot;&quot;,&quot;page_length&quot;:&quot;10&quot;,&quot;pagination_menu_content&quot;:&quot;10,20,50,100,All&quot;,&quot;column_searching_position&quot;:&quot;tfoot&quot;,&quot;print_logo_url&quot;:&quot;&quot;,&quot;show_add_to_cart_message&quot;:&quot;1&quot;,&quot;add_to_cart_message_position&quot;:&quot;top_right&quot;,&quot;width&quot;:{&quot;fixed_width&quot;:&quot;90&quot;,&quot;width_unit&quot;:&quot;percents&quot;},&quot;thumbnail_size&quot;:&quot;thumbnail&quot;,&quot;thumbnail_width&quot;:&quot;&quot;,&quot;thumbnail_height&quot;:&quot;&quot;,&quot;mobile_width&quot;:&quot;600&quot;,&quot;responsive_mode&quot;:&quot;hiding&quot;,&quot;horizontal_scroll&quot;:&quot;footer&quot;,&quot;responcive_child_hide&quot;:&quot;first_column&quot;,&quot;row_striping&quot;:&quot;1&quot;,&quot;borders&quot;:&quot;rows&quot;,&quot;add_cart_styles&quot;:{&quot;text&quot;:&quot;&quot;,&quot;color&quot;:&quot;black&quot;},&quot;selected_to_cart&quot;:&quot;Add selected to cart&quot;,&quot;all_to_cart&quot;:&quot;Add all to cart&quot;,&quot;variation_to_cart&quot;:&quot;Add for&quot;,&quot;empty_table&quot;:&quot;There&#039;re no products in the table&quot;,&quot;table_info&quot;:&quot;Showing _START_ to _END_ of _TOTAL_ entries&quot;,&quot;table_info_empty&quot;:&quot;Showing 0 to 0 of 0 entries&quot;,&quot;filtered_info_text&quot;:&quot;(filtered from _MAX_ total entries)&quot;,&quot;length_text&quot;:&quot;Show: _MENU_&quot;,&quot;search_label&quot;:&quot;Search:&quot;,&quot;processing_text&quot;:&quot;Processing...&quot;,&quot;zero_records&quot;:&quot;No matching records are found&quot;,&quot;lang_previous&quot;:&quot;Precedente&quot;,&quot;lang_next&quot;:&quot;Next&quot;,&quot;filter_text&quot;:&quot;&quot;,&quot;reset_text&quot;:&quot;&quot;,&quot;stock_quantity_text&quot;:&quot;&quot;,&quot;select_attributes_text&quot;:&quot;&quot;,&quot;product_added_to_cart&quot;:&quot;Product added to cart&quot;,&quot;product_not_added_to_cart&quot;:&quot;Product not added to cart&quot;,&quot;replacing_the_text_out_of_stock&quot;:&quot;&quot;,&quot;custom_css&quot;:&quot;&quot;,&quot;custom_js&quot;:&quot;&quot;,&quot;print_text&quot;:&quot;Stampa&quot;}\">\n\t\t<thead><tr><th data-key=\"product_title\">OLII E GRASSI VEGETALI  E CONDIMENTI -ITALIA\/UE\/NO UE<\/th><\/tr><\/thead><tbody><tr><td class=\"product_title\">Aceto di vino\/mela<\/td><\/tr><tr><td class=\"product_title\">Margarina sfoglia con e senza palma<\/td><\/tr><tr><td class=\"product_title\">Olio di noce rbdw<\/td><\/tr><tr><td class=\"product_title\">Olio di noce vergine<\/td><\/tr><tr><td class=\"product_title\">Olio di pistacchio<\/td><\/tr><tr><td class=\"product_title\">Olio di cumino<\/td><\/tr><tr><td class=\"product_title\">Olio vinacciolo<\/td><\/tr><tr><td class=\"product_title\">Burro di karite' raffinato<\/td><\/tr><tr><td class=\"product_title\">Margarina bio crema  con e senza palma<\/td><\/tr><tr><td class=\"product_title\">Olio di avocado vergine<\/td><\/tr><tr><td class=\"product_title\">Olio di soia shoyu<\/td><\/tr><tr><td class=\"product_title\">Olio di soia  di tamari<\/td><\/tr><tr><td class=\"product_title\">Olio di colza rbdw<\/td><\/tr><tr><td class=\"product_title\">Olio di zucca vergine<\/td><\/tr><tr><td class=\"product_title\">Olio di semi di colza rbd<\/td><\/tr><tr><td class=\"product_title\">Olio di  semi di lino vergine<\/td><\/tr><tr><td class=\"product_title\">Olio di semi di lino rbdw<\/td><\/tr><tr><td class=\"product_title\">Olio di germe di mais rbdw<\/td><\/tr><tr><td class=\"product_title\">Olio di semi di sesamo vergine<\/td><\/tr><tr><td class=\"product_title\">Olio di semi di canapa vergine<\/td><\/tr><tr><td class=\"product_title\">Olio di cocco rbdw<\/td><\/tr><tr><td class=\"product_title\">Olio di semi di  girasole rbdw altoleico-linoleico<\/td><\/tr><tr><td class=\"product_title\">Olio d'oliva<\/td><\/tr><tr><td class=\"product_title\">Olio extra vergine oliva<\/td><\/tr><\/tbody>\t<\/table>\n\t<div class=\"wtbpFilterWrapper\">\n\t\t \n\t<\/div>\n\t<div class=\"wtbpCustomCssWrapper wtbpHidden\">\n\t\t\t<\/div>\n\t<div class=\"wtbpLoader\"><div class=\"woobewoo-table-loader wtbpLogoLoader\"><\/div><\/div><\/div>\n\n<p>[\/et_pb_accordion_item][\/et_pb_accordion][\/et_pb_column][\/et_pb_row][\/et_pb_section]<\/p>\n","protected":false},"excerpt":{"rendered":"<p>OLII VEGETALIGli olii vegetali sono estratti da semi, frutti o altre parti di piante, e sono ampiamente utilizzati in cucina, nella preparazione di prodotti alimentari, nonch\u00e9 nell&#8217;industria cosmetica e farmaceutica. Questi oli sono spesso ricchi di grassi sani, come gli acidi grassi insaturi, e offrono una serie di benefici nutrizionali. Ogni tipo di olio vegetale [&hellip;]<\/p>\n","protected":false},"author":1,"featured_media":0,"parent":0,"menu_order":0,"comment_status":"closed","ping_status":"closed","template":"","meta":{"_et_pb_use_builder":"on","_et_pb_old_content":"","_et_gb_content_width":"","footnotes":""},"class_list":["post-34563","page","type-page","status-publish","hentry"],"_hostinger_reach_plugin_has_subscription_block":false,"_hostinger_reach_plugin_is_elementor":false,"_links":{"self":[{"href":"https:\/\/sanlifesrl.it\/bio\/wp-json\/wp\/v2\/pages\/34563","targetHints":{"allow":["GET"]}}],"collection":[{"href":"https:\/\/sanlifesrl.it\/bio\/wp-json\/wp\/v2\/pages"}],"about":[{"href":"https:\/\/sanlifesrl.it\/bio\/wp-json\/wp\/v2\/types\/page"}],"author":[{"embeddable":true,"href":"https:\/\/sanlifesrl.it\/bio\/wp-json\/wp\/v2\/users\/1"}],"replies":[{"embeddable":true,"href":"https:\/\/sanlifesrl.it\/bio\/wp-json\/wp\/v2\/comments?post=34563"}],"version-history":[{"count":5,"href":"https:\/\/sanlifesrl.it\/bio\/wp-json\/wp\/v2\/pages\/34563\/revisions"}],"predecessor-version":[{"id":34820,"href":"https:\/\/sanlifesrl.it\/bio\/wp-json\/wp\/v2\/pages\/34563\/revisions\/34820"}],"wp:attachment":[{"href":"https:\/\/sanlifesrl.it\/bio\/wp-json\/wp\/v2\/media?parent=34563"}],"curies":[{"name":"wp","href":"https:\/\/api.w.org\/{rel}","templated":true}]}}